{"id":38,"date":"2021-03-31T13:34:43","date_gmt":"2021-03-31T13:34:43","guid":{"rendered":"http:\/\/aod-diagnostics.com\/?page_id=38"},"modified":"2021-11-25T13:37:36","modified_gmt":"2021-11-25T13:37:36","slug":"les-actualites-du-diagnostic-immobilier","status":"publish","type":"page","link":"https:\/\/aod-diagnostics.com\/en\/les-actualites-du-diagnostic-immobilier","title":{"rendered":"Our blog"},"content":{"rendered":"","protected":false},"excerpt":{"rendered":"","protected":false},"author":1,"featured_media":761,"parent":0,"menu_order":0,"comment_status":"closed","ping_status":"closed","template":"","meta":{"_glsr_average":0,"_glsr_ranking":0,"_glsr_reviews":0,"footnotes":""},"class_list":["post-38","page","type-page","status-publish","has-post-thumbnail","czr-hentry"],"yoast_head":"<!-- This site is optimized with the Yoast SEO plugin v27.4 - https:\/\/yoast.com\/product\/yoast-seo-wordpress\/ -->\n<title>Notre blog &#8226; AOD Diagnostics immobilier<\/title>\n<meta name=\"description\" content=\"Notre blog &#8226; AOD Diagnostics immobilier &#8226; Expert certifi\u00e9 pour vos diagnostics de vente et location\" \/>\n<meta name=\"robots\" content=\"index, follow, max-snippet:-1, max-image-preview:large, max-video-preview:-1\" \/>\n<link rel=\"canonical\" href=\"https:\/\/aod-diagnostics.com\/en\/les-actualites-du-diagnostic-immobilier\/\" \/>\n<meta property=\"og:locale\" content=\"en_GB\" \/>\n<meta property=\"og:type\" content=\"article\" \/>\n<meta property=\"og:title\" content=\"Tout savoir sur les insectes et nuisibles pouvant \u00eatre pr\u00e9sent chez vous\" \/>\n<meta property=\"og:description\" content=\"Notre blog &#8226; AOD Diagnostics immobilier &#8226; Expert certifi\u00e9 pour vos diagnostics de vente et location\" \/>\n<meta property=\"og:url\" content=\"https:\/\/aod-diagnostics.com\/en\/les-actualites-du-diagnostic-immobilier\/\" \/>\n<meta property=\"og:site_name\" content=\"AOD Diagnostics immobilier\" \/>\n<meta property=\"article:publisher\" content=\"https:\/\/www.facebook.com\/aoddiagnostics\" \/>\n<meta property=\"article:modified_time\" content=\"2021-11-25T13:37:36+00:00\" \/>\n<meta property=\"og:image\" content=\"https:\/\/aod-diagnostics.com\/wp-content\/uploads\/2021\/07\/Termites.jpeg\" \/>\n\t<meta property=\"og:image:width\" content=\"1500\" \/>\n\t<meta property=\"og:image:height\" content=\"683\" \/>\n\t<meta property=\"og:image:type\" content=\"image\/jpeg\" \/>\n<meta name=\"twitter:card\" content=\"summary_large_image\" \/>\n<script type=\"application\/ld+json\" class=\"yoast-schema-graph\">{\"@context\":\"https:\\\/\\\/schema.org\",\"@graph\":[{\"@type\":[\"WebPage\",\"SearchResultsPage\"],\"@id\":\"https:\\\/\\\/aod-diagnostics.com\\\/les-actualites-du-diagnostic-immobilier\",\"url\":\"https:\\\/\\\/aod-diagnostics.com\\\/les-actualites-du-diagnostic-immobilier\",\"name\":\"Notre blog &#8226; AOD Diagnostics immobilier\",\"isPartOf\":{\"@id\":\"https:\\\/\\\/aod-diagnostics.com\\\/#website\"},\"primaryImageOfPage\":{\"@id\":\"https:\\\/\\\/aod-diagnostics.com\\\/les-actualites-du-diagnostic-immobilier#primaryimage\"},\"image\":{\"@id\":\"https:\\\/\\\/aod-diagnostics.com\\\/les-actualites-du-diagnostic-immobilier#primaryimage\"},\"thumbnailUrl\":\"https:\\\/\\\/aod-diagnostics.com\\\/wp-content\\\/uploads\\\/2021\\\/05\\\/cropped-ICONE-AOD.png\",\"datePublished\":\"2021-03-31T13:34:43+00:00\",\"dateModified\":\"2021-11-25T13:37:36+00:00\",\"description\":\"Notre blog &#8226; AOD Diagnostics immobilier &#8226; Expert certifi\u00e9 pour vos diagnostics de vente et location\",\"breadcrumb\":{\"@id\":\"https:\\\/\\\/aod-diagnostics.com\\\/les-actualites-du-diagnostic-immobilier#breadcrumb\"},\"inLanguage\":\"en-GB\",\"potentialAction\":[{\"@type\":\"ReadAction\",\"target\":[\"https:\\\/\\\/aod-diagnostics.com\\\/les-actualites-du-diagnostic-immobilier\"]}]},{\"@type\":\"ImageObject\",\"inLanguage\":\"en-GB\",\"@id\":\"https:\\\/\\\/aod-diagnostics.com\\\/les-actualites-du-diagnostic-immobilier#primaryimage\",\"url\":\"https:\\\/\\\/aod-diagnostics.com\\\/wp-content\\\/uploads\\\/2021\\\/05\\\/cropped-ICONE-AOD.png\",\"contentUrl\":\"https:\\\/\\\/aod-diagnostics.com\\\/wp-content\\\/uploads\\\/2021\\\/05\\\/cropped-ICONE-AOD.png\",\"width\":512,\"height\":512,\"caption\":\"Diagnostic immobilier\"},{\"@type\":\"BreadcrumbList\",\"@id\":\"https:\\\/\\\/aod-diagnostics.com\\\/les-actualites-du-diagnostic-immobilier#breadcrumb\",\"itemListElement\":[{\"@type\":\"ListItem\",\"position\":1,\"name\":\"Accueil\",\"item\":\"https:\\\/\\\/aod-diagnostics.com\\\/\"},{\"@type\":\"ListItem\",\"position\":2,\"name\":\"Notre blog\"}]},{\"@type\":\"WebSite\",\"@id\":\"https:\\\/\\\/aod-diagnostics.com\\\/#website\",\"url\":\"https:\\\/\\\/aod-diagnostics.com\\\/\",\"name\":\"AOD Diagnostics immobilier\",\"description\":\"Diagnostics immobilier de vente et location\",\"publisher\":{\"@id\":\"https:\\\/\\\/aod-diagnostics.com\\\/#organization\"},\"potentialAction\":[{\"@type\":\"SearchAction\",\"target\":{\"@type\":\"EntryPoint\",\"urlTemplate\":\"https:\\\/\\\/aod-diagnostics.com\\\/?s={search_term_string}\"},\"query-input\":{\"@type\":\"PropertyValueSpecification\",\"valueRequired\":true,\"valueName\":\"search_term_string\"}}],\"inLanguage\":\"en-GB\"},{\"@type\":\"Organization\",\"@id\":\"https:\\\/\\\/aod-diagnostics.com\\\/#organization\",\"name\":\"AOD - Diagnostics Immobiliers\",\"url\":\"https:\\\/\\\/aod-diagnostics.com\\\/\",\"logo\":{\"@type\":\"ImageObject\",\"inLanguage\":\"en-GB\",\"@id\":\"https:\\\/\\\/aod-diagnostics.com\\\/#\\\/schema\\\/logo\\\/image\\\/\",\"url\":\"https:\\\/\\\/aod-diagnostics.com\\\/wp-content\\\/uploads\\\/2021\\\/03\\\/cropped-LOGO-AOD.png\",\"contentUrl\":\"https:\\\/\\\/aod-diagnostics.com\\\/wp-content\\\/uploads\\\/2021\\\/03\\\/cropped-LOGO-AOD.png\",\"width\":223,\"height\":131,\"caption\":\"AOD - Diagnostics Immobiliers\"},\"image\":{\"@id\":\"https:\\\/\\\/aod-diagnostics.com\\\/#\\\/schema\\\/logo\\\/image\\\/\"},\"sameAs\":[\"https:\\\/\\\/www.facebook.com\\\/aoddiagnostics\",\"https:\\\/\\\/www.linkedin.com\\\/in\\\/romain-renier-a8652730\\\/\"]}]}<\/script>\n<!-- \/ Yoast SEO plugin. -->","yoast_head_json":{"title":"Notre blog &#8226; AOD Diagnostics immobilier","description":"Notre blog &#8226; AOD Diagnostics immobilier &#8226; Expert certifi\u00e9 pour vos diagnostics de vente et location","robots":{"index":"index","follow":"follow","max-snippet":"max-snippet:-1","max-image-preview":"max-image-preview:large","max-video-preview":"max-video-preview:-1"},"canonical":"https:\/\/aod-diagnostics.com\/en\/les-actualites-du-diagnostic-immobilier\/","og_locale":"en_GB","og_type":"article","og_title":"Tout savoir sur les insectes et nuisibles pouvant \u00eatre pr\u00e9sent chez vous","og_description":"Notre blog &#8226; AOD Diagnostics immobilier &#8226; Expert certifi\u00e9 pour vos diagnostics de vente et location","og_url":"https:\/\/aod-diagnostics.com\/en\/les-actualites-du-diagnostic-immobilier\/","og_site_name":"AOD Diagnostics immobilier","article_publisher":"https:\/\/www.facebook.com\/aoddiagnostics","article_modified_time":"2021-11-25T13:37:36+00:00","og_image":[{"width":1500,"height":683,"url":"https:\/\/aod-diagnostics.com\/wp-content\/uploads\/2021\/07\/Termites.jpeg","type":"image\/jpeg"}],"twitter_card":"summary_large_image","schema":{"@context":"https:\/\/schema.org","@graph":[{"@type":["WebPage","SearchResultsPage"],"@id":"https:\/\/aod-diagnostics.com\/les-actualites-du-diagnostic-immobilier","url":"https:\/\/aod-diagnostics.com\/les-actualites-du-diagnostic-immobilier","name":"Notre blog &#8226; AOD Diagnostics immobilier","isPartOf":{"@id":"https:\/\/aod-diagnostics.com\/#website"},"primaryImageOfPage":{"@id":"https:\/\/aod-diagnostics.com\/les-actualites-du-diagnostic-immobilier#primaryimage"},"image":{"@id":"https:\/\/aod-diagnostics.com\/les-actualites-du-diagnostic-immobilier#primaryimage"},"thumbnailUrl":"https:\/\/aod-diagnostics.com\/wp-content\/uploads\/2021\/05\/cropped-ICONE-AOD.png","datePublished":"2021-03-31T13:34:43+00:00","dateModified":"2021-11-25T13:37:36+00:00","description":"Notre blog &#8226; AOD Diagnostics immobilier &#8226; Expert certifi\u00e9 pour vos diagnostics de vente et location","breadcrumb":{"@id":"https:\/\/aod-diagnostics.com\/les-actualites-du-diagnostic-immobilier#breadcrumb"},"inLanguage":"en-GB","potentialAction":[{"@type":"ReadAction","target":["https:\/\/aod-diagnostics.com\/les-actualites-du-diagnostic-immobilier"]}]},{"@type":"ImageObject","inLanguage":"en-GB","@id":"https:\/\/aod-diagnostics.com\/les-actualites-du-diagnostic-immobilier#primaryimage","url":"https:\/\/aod-diagnostics.com\/wp-content\/uploads\/2021\/05\/cropped-ICONE-AOD.png","contentUrl":"https:\/\/aod-diagnostics.com\/wp-content\/uploads\/2021\/05\/cropped-ICONE-AOD.png","width":512,"height":512,"caption":"Diagnostic immobilier"},{"@type":"BreadcrumbList","@id":"https:\/\/aod-diagnostics.com\/les-actualites-du-diagnostic-immobilier#breadcrumb","itemListElement":[{"@type":"ListItem","position":1,"name":"Accueil","item":"https:\/\/aod-diagnostics.com\/"},{"@type":"ListItem","position":2,"name":"Notre blog"}]},{"@type":"WebSite","@id":"https:\/\/aod-diagnostics.com\/#website","url":"https:\/\/aod-diagnostics.com\/","name":"AOD Real Estate Diagnostics","description":"Real estate diagnostics for sale and rent","publisher":{"@id":"https:\/\/aod-diagnostics.com\/#organization"},"potentialAction":[{"@type":"SearchAction","target":{"@type":"EntryPoint","urlTemplate":"https:\/\/aod-diagnostics.com\/?s={search_term_string}"},"query-input":{"@type":"PropertyValueSpecification","valueRequired":true,"valueName":"search_term_string"}}],"inLanguage":"en-GB"},{"@type":"Organization","@id":"https:\/\/aod-diagnostics.com\/#organization","name":"AOD - Real Estate Diagnostics","url":"https:\/\/aod-diagnostics.com\/","logo":{"@type":"ImageObject","inLanguage":"en-GB","@id":"https:\/\/aod-diagnostics.com\/#\/schema\/logo\/image\/","url":"https:\/\/aod-diagnostics.com\/wp-content\/uploads\/2021\/03\/cropped-LOGO-AOD.png","contentUrl":"https:\/\/aod-diagnostics.com\/wp-content\/uploads\/2021\/03\/cropped-LOGO-AOD.png","width":223,"height":131,"caption":"AOD - Diagnostics Immobiliers"},"image":{"@id":"https:\/\/aod-diagnostics.com\/#\/schema\/logo\/image\/"},"sameAs":["https:\/\/www.facebook.com\/aoddiagnostics","https:\/\/www.linkedin.com\/in\/romain-renier-a8652730\/"]}]}},"_links":{"self":[{"href":"https:\/\/aod-diagnostics.com\/en\/wp-json\/wp\/v2\/pages\/38","targetHints":{"allow":["GET"]}}],"collection":[{"href":"https:\/\/aod-diagnostics.com\/en\/wp-json\/wp\/v2\/pages"}],"about":[{"href":"https:\/\/aod-diagnostics.com\/en\/wp-json\/wp\/v2\/types\/page"}],"author":[{"embeddable":true,"href":"https:\/\/aod-diagnostics.com\/en\/wp-json\/wp\/v2\/users\/1"}],"replies":[{"embeddable":true,"href":"https:\/\/aod-diagnostics.com\/en\/wp-json\/wp\/v2\/comments?post=38"}],"version-history":[{"count":3,"href":"https:\/\/aod-diagnostics.com\/en\/wp-json\/wp\/v2\/pages\/38\/revisions"}],"predecessor-version":[{"id":1977,"href":"https:\/\/aod-diagnostics.com\/en\/wp-json\/wp\/v2\/pages\/38\/revisions\/1977"}],"wp:featuredmedia":[{"embeddable":true,"href":"https:\/\/aod-diagnostics.com\/en\/wp-json\/wp\/v2\/media\/761"}],"wp:attachment":[{"href":"https:\/\/aod-diagnostics.com\/en\/wp-json\/wp\/v2\/media?parent=38"}],"curies":[{"name":"wp","href":"https:\/\/api.w.org\/{rel}","templated":true}]}}