{"id":2517,"date":"2022-04-12T07:10:06","date_gmt":"2022-04-12T07:10:06","guid":{"rendered":"https:\/\/aod-diagnostics.com\/?page_id=2517"},"modified":"2022-04-12T07:14:31","modified_gmt":"2022-04-12T07:14:31","slug":"diagnostic-de-performance-energetique-a-salon-de-provence","status":"publish","type":"page","link":"https:\/\/aod-diagnostics.com\/en\/diagnostic-de-performance-energetique-a-salon-de-provence","title":{"rendered":"Diagnostic de performance \u00e9nerg\u00e9tique \u00e0 Salon de Provence"},"content":{"rendered":"","protected":false},"excerpt":{"rendered":"","protected":false},"author":1,"featured_media":1434,"parent":0,"menu_order":0,"comment_status":"closed","ping_status":"closed","template":"","meta":{"_glsr_average":0,"_glsr_ranking":0,"_glsr_reviews":0,"footnotes":""},"class_list":["post-2517","page","type-page","status-publish","has-post-thumbnail","czr-hentry"],"yoast_head":"<!-- This site is optimized with the Yoast SEO plugin v27.4 - https:\/\/yoast.com\/product\/yoast-seo-wordpress\/ -->\n<title>Diagnostic de performance \u00e9nerg\u00e9tique \u00e0 Salon de Provence &#8226; AOD<\/title>\n<meta name=\"description\" content=\"AOD Diagnostics immobilier r\u00e9alise votre Diagnostic de performance \u00e9nerg\u00e9tique \u00e0 Salon de Provence &#8226; Retour sous 12h.\" \/>\n<meta name=\"robots\" content=\"index, follow, max-snippet:-1, max-image-preview:large, max-video-preview:-1\" \/>\n<link rel=\"canonical\" href=\"https:\/\/aod-diagnostics.com\/en\/diagnostic-de-performance-energetique-a-salon-de-provence\/\" \/>\n<meta property=\"og:locale\" content=\"en_GB\" \/>\n<meta property=\"og:type\" content=\"article\" \/>\n<meta property=\"og:title\" content=\"Diagnostic de performance \u00e9nerg\u00e9tique \u00e0 Salon de Provence &#8226; AOD\" \/>\n<meta property=\"og:description\" content=\"AOD Diagnostics immobilier r\u00e9alise votre Diagnostic de performance \u00e9nerg\u00e9tique \u00e0 Salon de Provence &#8226; Retour sous 12h.\" \/>\n<meta property=\"og:url\" content=\"https:\/\/aod-diagnostics.com\/en\/diagnostic-de-performance-energetique-a-salon-de-provence\/\" \/>\n<meta property=\"og:site_name\" content=\"AOD Diagnostics immobilier\" \/>\n<meta property=\"article:publisher\" content=\"https:\/\/www.facebook.com\/aoddiagnostics\" \/>\n<meta property=\"article:modified_time\" content=\"2022-04-12T07:14:31+00:00\" \/>\n<meta property=\"og:image\" content=\"https:\/\/aod-diagnostics.com\/wp-content\/uploads\/2021\/06\/DPE.png\" \/>\n\t<meta property=\"og:image:width\" content=\"300\" \/>\n\t<meta property=\"og:image:height\" content=\"280\" \/>\n\t<meta property=\"og:image:type\" content=\"image\/png\" \/>\n<meta name=\"twitter:card\" content=\"summary_large_image\" \/>\n<script type=\"application\/ld+json\" class=\"yoast-schema-graph\">{\"@context\":\"https:\\\/\\\/schema.org\",\"@graph\":[{\"@type\":[\"WebPage\",\"SearchResultsPage\"],\"@id\":\"https:\\\/\\\/aod-diagnostics.com\\\/diagnostic-de-performance-energetique-a-salon-de-provence\",\"url\":\"https:\\\/\\\/aod-diagnostics.com\\\/diagnostic-de-performance-energetique-a-salon-de-provence\",\"name\":\"Diagnostic de performance \u00e9nerg\u00e9tique \u00e0 Salon de Provence &#8226; AOD\",\"isPartOf\":{\"@id\":\"https:\\\/\\\/aod-diagnostics.com\\\/#website\"},\"primaryImageOfPage\":{\"@id\":\"https:\\\/\\\/aod-diagnostics.com\\\/diagnostic-de-performance-energetique-a-salon-de-provence#primaryimage\"},\"image\":{\"@id\":\"https:\\\/\\\/aod-diagnostics.com\\\/diagnostic-de-performance-energetique-a-salon-de-provence#primaryimage\"},\"thumbnailUrl\":\"https:\\\/\\\/aod-diagnostics.com\\\/wp-content\\\/uploads\\\/2021\\\/06\\\/DPE.png\",\"datePublished\":\"2022-04-12T07:10:06+00:00\",\"dateModified\":\"2022-04-12T07:14:31+00:00\",\"description\":\"AOD Diagnostics immobilier r\u00e9alise votre Diagnostic de performance \u00e9nerg\u00e9tique \u00e0 Salon de Provence &#8226; Retour sous 12h.\",\"breadcrumb\":{\"@id\":\"https:\\\/\\\/aod-diagnostics.com\\\/diagnostic-de-performance-energetique-a-salon-de-provence#breadcrumb\"},\"inLanguage\":\"en-GB\",\"potentialAction\":[{\"@type\":\"ReadAction\",\"target\":[\"https:\\\/\\\/aod-diagnostics.com\\\/diagnostic-de-performance-energetique-a-salon-de-provence\"]}]},{\"@type\":\"ImageObject\",\"inLanguage\":\"en-GB\",\"@id\":\"https:\\\/\\\/aod-diagnostics.com\\\/diagnostic-de-performance-energetique-a-salon-de-provence#primaryimage\",\"url\":\"https:\\\/\\\/aod-diagnostics.com\\\/wp-content\\\/uploads\\\/2021\\\/06\\\/DPE.png\",\"contentUrl\":\"https:\\\/\\\/aod-diagnostics.com\\\/wp-content\\\/uploads\\\/2021\\\/06\\\/DPE.png\",\"width\":300,\"height\":280,\"caption\":\"Maison avec \u00e9tiquettes d'\u00e9nergie\"},{\"@type\":\"BreadcrumbList\",\"@id\":\"https:\\\/\\\/aod-diagnostics.com\\\/diagnostic-de-performance-energetique-a-salon-de-provence#breadcrumb\",\"itemListElement\":[{\"@type\":\"ListItem\",\"position\":1,\"name\":\"Accueil\",\"item\":\"https:\\\/\\\/aod-diagnostics.com\\\/\"},{\"@type\":\"ListItem\",\"position\":2,\"name\":\"Diagnostic de performance \u00e9nerg\u00e9tique \u00e0 Salon de Provence\"}]},{\"@type\":\"WebSite\",\"@id\":\"https:\\\/\\\/aod-diagnostics.com\\\/#website\",\"url\":\"https:\\\/\\\/aod-diagnostics.com\\\/\",\"name\":\"AOD Diagnostics immobilier\",\"description\":\"Diagnostics immobilier de vente et location\",\"publisher\":{\"@id\":\"https:\\\/\\\/aod-diagnostics.com\\\/#organization\"},\"potentialAction\":[{\"@type\":\"SearchAction\",\"target\":{\"@type\":\"EntryPoint\",\"urlTemplate\":\"https:\\\/\\\/aod-diagnostics.com\\\/?s={search_term_string}\"},\"query-input\":{\"@type\":\"PropertyValueSpecification\",\"valueRequired\":true,\"valueName\":\"search_term_string\"}}],\"inLanguage\":\"en-GB\"},{\"@type\":\"Organization\",\"@id\":\"https:\\\/\\\/aod-diagnostics.com\\\/#organization\",\"name\":\"AOD - Diagnostics Immobiliers\",\"url\":\"https:\\\/\\\/aod-diagnostics.com\\\/\",\"logo\":{\"@type\":\"ImageObject\",\"inLanguage\":\"en-GB\",\"@id\":\"https:\\\/\\\/aod-diagnostics.com\\\/#\\\/schema\\\/logo\\\/image\\\/\",\"url\":\"https:\\\/\\\/aod-diagnostics.com\\\/wp-content\\\/uploads\\\/2021\\\/03\\\/cropped-LOGO-AOD.png\",\"contentUrl\":\"https:\\\/\\\/aod-diagnostics.com\\\/wp-content\\\/uploads\\\/2021\\\/03\\\/cropped-LOGO-AOD.png\",\"width\":223,\"height\":131,\"caption\":\"AOD - Diagnostics Immobiliers\"},\"image\":{\"@id\":\"https:\\\/\\\/aod-diagnostics.com\\\/#\\\/schema\\\/logo\\\/image\\\/\"},\"sameAs\":[\"https:\\\/\\\/www.facebook.com\\\/aoddiagnostics\",\"https:\\\/\\\/www.linkedin.com\\\/in\\\/romain-renier-a8652730\\\/\"]}]}<\/script>\n<!-- \/ Yoast SEO plugin. -->","yoast_head_json":{"title":"Diagnostic de performance \u00e9nerg\u00e9tique \u00e0 Salon de Provence &#8226; AOD","description":"AOD Diagnostics immobilier r\u00e9alise votre Diagnostic de performance \u00e9nerg\u00e9tique \u00e0 Salon de Provence &#8226; Retour sous 12h.","robots":{"index":"index","follow":"follow","max-snippet":"max-snippet:-1","max-image-preview":"max-image-preview:large","max-video-preview":"max-video-preview:-1"},"canonical":"https:\/\/aod-diagnostics.com\/en\/diagnostic-de-performance-energetique-a-salon-de-provence\/","og_locale":"en_GB","og_type":"article","og_title":"Diagnostic de performance \u00e9nerg\u00e9tique \u00e0 Salon de Provence &#8226; AOD","og_description":"AOD Diagnostics immobilier r\u00e9alise votre Diagnostic de performance \u00e9nerg\u00e9tique \u00e0 Salon de Provence &#8226; Retour sous 12h.","og_url":"https:\/\/aod-diagnostics.com\/en\/diagnostic-de-performance-energetique-a-salon-de-provence\/","og_site_name":"AOD Diagnostics immobilier","article_publisher":"https:\/\/www.facebook.com\/aoddiagnostics","article_modified_time":"2022-04-12T07:14:31+00:00","og_image":[{"width":300,"height":280,"url":"https:\/\/aod-diagnostics.com\/wp-content\/uploads\/2021\/06\/DPE.png","type":"image\/png"}],"twitter_card":"summary_large_image","schema":{"@context":"https:\/\/schema.org","@graph":[{"@type":["WebPage","SearchResultsPage"],"@id":"https:\/\/aod-diagnostics.com\/diagnostic-de-performance-energetique-a-salon-de-provence","url":"https:\/\/aod-diagnostics.com\/diagnostic-de-performance-energetique-a-salon-de-provence","name":"Diagnostic de performance \u00e9nerg\u00e9tique \u00e0 Salon de Provence &#8226; AOD","isPartOf":{"@id":"https:\/\/aod-diagnostics.com\/#website"},"primaryImageOfPage":{"@id":"https:\/\/aod-diagnostics.com\/diagnostic-de-performance-energetique-a-salon-de-provence#primaryimage"},"image":{"@id":"https:\/\/aod-diagnostics.com\/diagnostic-de-performance-energetique-a-salon-de-provence#primaryimage"},"thumbnailUrl":"https:\/\/aod-diagnostics.com\/wp-content\/uploads\/2021\/06\/DPE.png","datePublished":"2022-04-12T07:10:06+00:00","dateModified":"2022-04-12T07:14:31+00:00","description":"AOD Diagnostics immobilier r\u00e9alise votre Diagnostic de performance \u00e9nerg\u00e9tique \u00e0 Salon de Provence &#8226; Retour sous 12h.","breadcrumb":{"@id":"https:\/\/aod-diagnostics.com\/diagnostic-de-performance-energetique-a-salon-de-provence#breadcrumb"},"inLanguage":"en-GB","potentialAction":[{"@type":"ReadAction","target":["https:\/\/aod-diagnostics.com\/diagnostic-de-performance-energetique-a-salon-de-provence"]}]},{"@type":"ImageObject","inLanguage":"en-GB","@id":"https:\/\/aod-diagnostics.com\/diagnostic-de-performance-energetique-a-salon-de-provence#primaryimage","url":"https:\/\/aod-diagnostics.com\/wp-content\/uploads\/2021\/06\/DPE.png","contentUrl":"https:\/\/aod-diagnostics.com\/wp-content\/uploads\/2021\/06\/DPE.png","width":300,"height":280,"caption":"Maison avec \u00e9tiquettes d'\u00e9nergie"},{"@type":"BreadcrumbList","@id":"https:\/\/aod-diagnostics.com\/diagnostic-de-performance-energetique-a-salon-de-provence#breadcrumb","itemListElement":[{"@type":"ListItem","position":1,"name":"Accueil","item":"https:\/\/aod-diagnostics.com\/"},{"@type":"ListItem","position":2,"name":"Diagnostic de performance \u00e9nerg\u00e9tique \u00e0 Salon de Provence"}]},{"@type":"WebSite","@id":"https:\/\/aod-diagnostics.com\/#website","url":"https:\/\/aod-diagnostics.com\/","name":"AOD Real Estate Diagnostics","description":"Real estate diagnostics for sale and rent","publisher":{"@id":"https:\/\/aod-diagnostics.com\/#organization"},"potentialAction":[{"@type":"SearchAction","target":{"@type":"EntryPoint","urlTemplate":"https:\/\/aod-diagnostics.com\/?s={search_term_string}"},"query-input":{"@type":"PropertyValueSpecification","valueRequired":true,"valueName":"search_term_string"}}],"inLanguage":"en-GB"},{"@type":"Organization","@id":"https:\/\/aod-diagnostics.com\/#organization","name":"AOD - Real Estate Diagnostics","url":"https:\/\/aod-diagnostics.com\/","logo":{"@type":"ImageObject","inLanguage":"en-GB","@id":"https:\/\/aod-diagnostics.com\/#\/schema\/logo\/image\/","url":"https:\/\/aod-diagnostics.com\/wp-content\/uploads\/2021\/03\/cropped-LOGO-AOD.png","contentUrl":"https:\/\/aod-diagnostics.com\/wp-content\/uploads\/2021\/03\/cropped-LOGO-AOD.png","width":223,"height":131,"caption":"AOD - Diagnostics Immobiliers"},"image":{"@id":"https:\/\/aod-diagnostics.com\/#\/schema\/logo\/image\/"},"sameAs":["https:\/\/www.facebook.com\/aoddiagnostics","https:\/\/www.linkedin.com\/in\/romain-renier-a8652730\/"]}]}},"_links":{"self":[{"href":"https:\/\/aod-diagnostics.com\/en\/wp-json\/wp\/v2\/pages\/2517","targetHints":{"allow":["GET"]}}],"collection":[{"href":"https:\/\/aod-diagnostics.com\/en\/wp-json\/wp\/v2\/pages"}],"about":[{"href":"https:\/\/aod-diagnostics.com\/en\/wp-json\/wp\/v2\/types\/page"}],"author":[{"embeddable":true,"href":"https:\/\/aod-diagnostics.com\/en\/wp-json\/wp\/v2\/users\/1"}],"replies":[{"embeddable":true,"href":"https:\/\/aod-diagnostics.com\/en\/wp-json\/wp\/v2\/comments?post=2517"}],"version-history":[{"count":1,"href":"https:\/\/aod-diagnostics.com\/en\/wp-json\/wp\/v2\/pages\/2517\/revisions"}],"predecessor-version":[{"id":2518,"href":"https:\/\/aod-diagnostics.com\/en\/wp-json\/wp\/v2\/pages\/2517\/revisions\/2518"}],"wp:featuredmedia":[{"embeddable":true,"href":"https:\/\/aod-diagnostics.com\/en\/wp-json\/wp\/v2\/media\/1434"}],"wp:attachment":[{"href":"https:\/\/aod-diagnostics.com\/en\/wp-json\/wp\/v2\/media?parent=2517"}],"curies":[{"name":"wp","href":"https:\/\/api.w.org\/{rel}","templated":true}]}}